{"id":686,"date":"2017-09-28T11:02:21","date_gmt":"2017-09-28T09:02:21","guid":{"rendered":"http:\/\/airport-pula.hr\/?page_id=686"},"modified":"2023-03-03T13:03:43","modified_gmt":"2023-03-03T12:03:43","slug":"access-to-information","status":"publish","type":"page","link":"https:\/\/airport-pula.hr\/en\/business-info\/about-us-2\/access-to-information\/","title":{"rendered":"Access to information"},"content":{"rendered":"<p>The Law on Access to Information enables and ensures the guaranteed right of access to information by the Constitution of the Republic of Croatia and the re-use of information to physical and legal persons.<\/p>\n<p>Information is available to any domestic or foreign physical or legal person in accordance with the terms and limitations of the Right to Access Information Act.<\/p>\n<p><strong>Laws:<\/strong><\/p>\n<ul>\n<li><em>Act on Right to Access to Information<\/em> Official Gazette No 25-13, 85-15<\/li>\n<li><em>Airports Act<\/em> Official Gazette No 19-98, 14-11 78-15<\/li>\n<li><em>Air Traffic Act<\/em> Official Gazette No 69-09, 84-11, 54-13, 127-13, 92-14<\/li>\n<\/ul>\n<p><strong>Forms:<\/strong><\/p>\n<ul class=\"download-list\">\n<li><a href=\"http:\/\/airport-pula.hr\/wp-content\/uploads\/2017\/08\/Zahtjev-za-pristup-informacijama.pdf\" target=\"_blank\" rel=\"noopener noreferrer\">Access to \u00a0Information Request<\/a><\/li>\n<li><a href=\"http:\/\/airport-pula.hr\/wp-content\/uploads\/2017\/08\/Zahtjev-za-ponovnu-uporabu-informacija.pdf\" target=\"_blank\" rel=\"noopener noreferrer\">Reuse of Information Request<\/a><\/li>\n<li><a href=\"http:\/\/airport-pula.hr\/wp-content\/uploads\/2017\/08\/Zahtjev-za-dopunu-ili-ispravak-informacije.pdf\" target=\"_blank\" rel=\"noopener noreferrer\">Information Amendment or Correction Request<\/a><\/li>\n<\/ul>\n<p>&nbsp;<\/p>\n<p>The right to access information and reuse of information is realized by:<\/p>\n<ol>\n<li>submitting a request in writing to the address: Airport Pula Ltd., Valtursko polje 210, Li\u017enjan (pp 89 52100 Pula); or<\/li>\n<li>sending an e-mail on <a href=\"mailto:ppi@airport-pula.hr\">ppi@airport-pula.hr<\/a>; or<\/li>\n<li>by phone on +385 (0)52 530 290<\/li>\n<\/ol>\n<p>Godi\u0161nja izvje\u0161\u0107a:<\/p>\n<ul>\n<li><a href=\"https:\/\/airport-pula.hr\/wp-content\/uploads\/2020\/01\/Godisnje_izvjesce-2019.pdf\">Godi\u0161nje izvje\u0161\u0107e 2019<\/a><\/li>\n<li><a href=\"https:\/\/airport-pula.hr\/wp-content\/uploads\/2020\/01\/Godisnje_izvjesce-2018.pdf\">Godi\u0161nje izvje\u0161e 2018<\/a><\/li>\n<li><a href=\"https:\/\/airport-pula.hr\/wp-content\/uploads\/2020\/01\/Godisnje_izvjesce-2017.pdf\">Godi\u0161nje izvje\u0161\u0107e 2017<\/a><\/li>\n<li><a href=\"https:\/\/airport-pula.hr\/wp-content\/uploads\/2020\/01\/Godisnje_izvjesce-2016.pdf\">Godi\u0161nje izvje\u0161\u0107e 2016<\/a><\/li>\n<\/ul>\n<p>Pula Airport Information Officer:<br \/>\n<b>Zoran Luke\u017e<\/b>, Head of legal affairs<br \/>\ne-mail: <a href=\"mailto:ppi@airport-pula.hr\">ppi@airport-pula.hr<\/a><\/p>\n","protected":false},"excerpt":{"rendered":"<p>The Law on Access to Information enables and ensures the guaranteed right&#8230;<\/p>\n","protected":false},"author":1,"featured_media":0,"parent":674,"menu_order":71,"comment_status":"closed","ping_status":"closed","template":"page-business.php","meta":{"footnotes":""},"class_list":["post-686","page","type-page","status-publish","hentry"],"yoast_head":"<!-- This site is optimized with the Yoast SEO plugin v27.3 - https:\/\/yoast.com\/product\/yoast-seo-wordpress\/ -->\n<title>Access to information - Airport Pula<\/title>\n<meta name=\"robots\" content=\"index, follow, max-snippet:-1, max-image-preview:large, max-video-preview:-1\" \/>\n<link rel=\"canonical\" href=\"https:\/\/airport-pula.hr\/en\/business-info\/about-us-2\/access-to-information\/\" \/>\n<meta property=\"og:locale\" content=\"en_US\" \/>\n<meta property=\"og:type\" content=\"article\" \/>\n<meta property=\"og:title\" content=\"Access to information - Airport Pula\" \/>\n<meta property=\"og:description\" content=\"The Law on Access to Information enables and ensures the guaranteed right...\" \/>\n<meta property=\"og:url\" content=\"https:\/\/airport-pula.hr\/en\/business-info\/about-us-2\/access-to-information\/\" \/>\n<meta property=\"og:site_name\" content=\"Airport Pula\" \/>\n<meta property=\"article:publisher\" content=\"https:\/\/www.facebook.com\/Pulaairport\" \/>\n<meta property=\"article:modified_time\" content=\"2023-03-03T12:03:43+00:00\" \/>\n<meta name=\"twitter:card\" content=\"summary_large_image\" \/>\n<meta name=\"twitter:label1\" content=\"Est. reading time\" \/>\n\t<meta name=\"twitter:data1\" content=\"1 minute\" \/>\n<script type=\"application\/ld+json\" class=\"yoast-schema-graph\">{\"@context\":\"https:\\\/\\\/schema.org\",\"@graph\":[{\"@type\":\"WebPage\",\"@id\":\"https:\\\/\\\/airport-pula.hr\\\/en\\\/business-info\\\/about-us-2\\\/access-to-information\\\/\",\"url\":\"https:\\\/\\\/airport-pula.hr\\\/en\\\/business-info\\\/about-us-2\\\/access-to-information\\\/\",\"name\":\"Access to information - Airport Pula\",\"isPartOf\":{\"@id\":\"https:\\\/\\\/airport-pula.hr\\\/#website\"},\"datePublished\":\"2017-09-28T09:02:21+00:00\",\"dateModified\":\"2023-03-03T12:03:43+00:00\",\"breadcrumb\":{\"@id\":\"https:\\\/\\\/airport-pula.hr\\\/en\\\/business-info\\\/about-us-2\\\/access-to-information\\\/#breadcrumb\"},\"inLanguage\":\"en-US\",\"potentialAction\":[{\"@type\":\"ReadAction\",\"target\":[\"https:\\\/\\\/airport-pula.hr\\\/en\\\/business-info\\\/about-us-2\\\/access-to-information\\\/\"]}]},{\"@type\":\"BreadcrumbList\",\"@id\":\"https:\\\/\\\/airport-pula.hr\\\/en\\\/business-info\\\/about-us-2\\\/access-to-information\\\/#breadcrumb\",\"itemListElement\":[{\"@type\":\"ListItem\",\"position\":1,\"name\":\"Home\",\"item\":\"https:\\\/\\\/airport-pula.hr\\\/en\\\/\"},{\"@type\":\"ListItem\",\"position\":2,\"name\":\"Business info\",\"item\":\"https:\\\/\\\/airport-pula.hr\\\/en\\\/business-info\\\/\"},{\"@type\":\"ListItem\",\"position\":3,\"name\":\"About us\",\"item\":\"https:\\\/\\\/airport-pula.hr\\\/en\\\/business-info\\\/about-us-2\\\/\"},{\"@type\":\"ListItem\",\"position\":4,\"name\":\"Access to information\"}]},{\"@type\":\"WebSite\",\"@id\":\"https:\\\/\\\/airport-pula.hr\\\/#website\",\"url\":\"https:\\\/\\\/airport-pula.hr\\\/\",\"name\":\"Airport Pula\",\"description\":\"Zra\u010dna luka Pula Hrvatska\",\"potentialAction\":[{\"@type\":\"SearchAction\",\"target\":{\"@type\":\"EntryPoint\",\"urlTemplate\":\"https:\\\/\\\/airport-pula.hr\\\/?s={search_term_string}\"},\"query-input\":{\"@type\":\"PropertyValueSpecification\",\"valueRequired\":true,\"valueName\":\"search_term_string\"}}],\"inLanguage\":\"en-US\"}]}<\/script>\n<!-- \/ Yoast SEO plugin. -->","yoast_head_json":{"title":"Access to information - Airport Pula","robots":{"index":"index","follow":"follow","max-snippet":"max-snippet:-1","max-image-preview":"max-image-preview:large","max-video-preview":"max-video-preview:-1"},"canonical":"https:\/\/airport-pula.hr\/en\/business-info\/about-us-2\/access-to-information\/","og_locale":"en_US","og_type":"article","og_title":"Access to information - Airport Pula","og_description":"The Law on Access to Information enables and ensures the guaranteed right...","og_url":"https:\/\/airport-pula.hr\/en\/business-info\/about-us-2\/access-to-information\/","og_site_name":"Airport Pula","article_publisher":"https:\/\/www.facebook.com\/Pulaairport","article_modified_time":"2023-03-03T12:03:43+00:00","twitter_card":"summary_large_image","twitter_misc":{"Est. reading time":"1 minute"},"schema":{"@context":"https:\/\/schema.org","@graph":[{"@type":"WebPage","@id":"https:\/\/airport-pula.hr\/en\/business-info\/about-us-2\/access-to-information\/","url":"https:\/\/airport-pula.hr\/en\/business-info\/about-us-2\/access-to-information\/","name":"Access to information - Airport Pula","isPartOf":{"@id":"https:\/\/airport-pula.hr\/#website"},"datePublished":"2017-09-28T09:02:21+00:00","dateModified":"2023-03-03T12:03:43+00:00","breadcrumb":{"@id":"https:\/\/airport-pula.hr\/en\/business-info\/about-us-2\/access-to-information\/#breadcrumb"},"inLanguage":"en-US","potentialAction":[{"@type":"ReadAction","target":["https:\/\/airport-pula.hr\/en\/business-info\/about-us-2\/access-to-information\/"]}]},{"@type":"BreadcrumbList","@id":"https:\/\/airport-pula.hr\/en\/business-info\/about-us-2\/access-to-information\/#breadcrumb","itemListElement":[{"@type":"ListItem","position":1,"name":"Home","item":"https:\/\/airport-pula.hr\/en\/"},{"@type":"ListItem","position":2,"name":"Business info","item":"https:\/\/airport-pula.hr\/en\/business-info\/"},{"@type":"ListItem","position":3,"name":"About us","item":"https:\/\/airport-pula.hr\/en\/business-info\/about-us-2\/"},{"@type":"ListItem","position":4,"name":"Access to information"}]},{"@type":"WebSite","@id":"https:\/\/airport-pula.hr\/#website","url":"https:\/\/airport-pula.hr\/","name":"Airport Pula","description":"Zra\u010dna luka Pula Hrvatska","potentialAction":[{"@type":"SearchAction","target":{"@type":"EntryPoint","urlTemplate":"https:\/\/airport-pula.hr\/?s={search_term_string}"},"query-input":{"@type":"PropertyValueSpecification","valueRequired":true,"valueName":"search_term_string"}}],"inLanguage":"en-US"}]}},"_links":{"self":[{"href":"https:\/\/airport-pula.hr\/en\/wp-json\/wp\/v2\/pages\/686","targetHints":{"allow":["GET"]}}],"collection":[{"href":"https:\/\/airport-pula.hr\/en\/wp-json\/wp\/v2\/pages"}],"about":[{"href":"https:\/\/airport-pula.hr\/en\/wp-json\/wp\/v2\/types\/page"}],"author":[{"embeddable":true,"href":"https:\/\/airport-pula.hr\/en\/wp-json\/wp\/v2\/users\/1"}],"replies":[{"embeddable":true,"href":"https:\/\/airport-pula.hr\/en\/wp-json\/wp\/v2\/comments?post=686"}],"version-history":[{"count":7,"href":"https:\/\/airport-pula.hr\/en\/wp-json\/wp\/v2\/pages\/686\/revisions"}],"predecessor-version":[{"id":5253,"href":"https:\/\/airport-pula.hr\/en\/wp-json\/wp\/v2\/pages\/686\/revisions\/5253"}],"up":[{"embeddable":true,"href":"https:\/\/airport-pula.hr\/en\/wp-json\/wp\/v2\/pages\/674"}],"wp:attachment":[{"href":"https:\/\/airport-pula.hr\/en\/wp-json\/wp\/v2\/media?parent=686"}],"curies":[{"name":"wp","href":"https:\/\/api.w.org\/{rel}","templated":true}]}}