{"id":682,"date":"2017-10-13T10:47:39","date_gmt":"2017-10-13T08:47:39","guid":{"rendered":"http:\/\/airport-pula.hr\/?page_id=682"},"modified":"2017-10-13T10:47:39","modified_gmt":"2017-10-13T08:47:39","slug":"eu-projects","status":"publish","type":"page","link":"https:\/\/airport-pula.hr\/en\/business-info\/about-us-2\/eu-projects\/","title":{"rendered":"EU projects"},"content":{"rendered":"<ul class=\"download-list\">\n<li><a href=\"http:\/\/airport-pula.hr\/wp-content\/uploads\/2017\/09\/Projekt-ADRIAIR-IPA-ADRIATIC-CBC-2007-2013.pdf\" target=\"_blank\" rel=\"noopener\">Projekt ADRIAIR &#8211; IPA ADRIATIC CBC 2007 &#8211; 2013<\/a><\/li>\n<li><a href=\"http:\/\/airport-pula.hr\/wp-content\/uploads\/2017\/09\/Zavrsno-priopcenje-za-medije-ADRIAIR-u-sklopu-IPA-ADRIATIC-CBC-2007-2013..pdf\" target=\"_blank\" rel=\"noopener\">Zavrsno priop\u0107enje za medije ADRIAIR u sklopu IPA ADRIATIC CBC 2007 &#8211; 2013.<\/a><\/li>\n<li><a href=\"http:\/\/airport-pula.hr\/wp-content\/uploads\/2017\/09\/Studija-razvoja-Zracne-luke-Pula-d.o.o.-za-razdoblje-2014.-2030..pdf\" target=\"_blank\" rel=\"noopener\">Studija razvoja Zracne luke Pula d.o.o. za razdoblje 2014.-2030.<\/a><\/li>\n<li><a href=\"http:\/\/airport-pula.hr\/wp-content\/uploads\/2017\/09\/Priopcenje-za-javnost-povodom-pocetka-projekta-izrade-Master-plana-zracne-luke-Pula-za-razdoblje-od-2014-2039.g..pdf\">Priop\u0107enje za javnost povodom po\u010detka projekta izrade Master plana zra\u010dne luke Pula za razdoblje od 2014 &#8211; 2039.g.<\/a><\/li>\n<li><a href=\"http:\/\/airport-pula.hr\/wp-content\/uploads\/2017\/09\/Zracna-luka-pula-predstavila-Master-plan-razvoja-do-2039.-godine.pdf\">Zra\u010dna luka pula predstavila Master plan razvoja do 2039. godine<\/a><\/li>\n<\/ul>\n","protected":false},"excerpt":{"rendered":"<p>Projekt ADRIAIR &#8211; IPA ADRIATIC CBC 2007 &#8211; 2013 Zavrsno priop\u0107enje za&#8230;<\/p>\n","protected":false},"author":1,"featured_media":0,"parent":674,"menu_order":71,"comment_status":"closed","ping_status":"closed","template":"page-business.php","meta":{"footnotes":""},"class_list":["post-682","page","type-page","status-publish","hentry"],"yoast_head":"<!-- This site is optimized with the Yoast SEO plugin v27.3 - https:\/\/yoast.com\/product\/yoast-seo-wordpress\/ -->\n<title>EU projects - Airport Pula<\/title>\n<meta name=\"robots\" content=\"index, follow, max-snippet:-1, max-image-preview:large, max-video-preview:-1\" \/>\n<link rel=\"canonical\" href=\"https:\/\/airport-pula.hr\/en\/business-info\/about-us-2\/eu-projects\/\" \/>\n<meta property=\"og:locale\" content=\"en_US\" \/>\n<meta property=\"og:type\" content=\"article\" \/>\n<meta property=\"og:title\" content=\"EU projects - Airport Pula\" \/>\n<meta property=\"og:description\" content=\"Projekt ADRIAIR &#8211; IPA ADRIATIC CBC 2007 &#8211; 2013 Zavrsno priop\u0107enje za...\" \/>\n<meta property=\"og:url\" content=\"https:\/\/airport-pula.hr\/en\/business-info\/about-us-2\/eu-projects\/\" \/>\n<meta property=\"og:site_name\" content=\"Airport Pula\" \/>\n<meta property=\"article:publisher\" content=\"https:\/\/www.facebook.com\/Pulaairport\" \/>\n<meta name=\"twitter:card\" content=\"summary_large_image\" \/>\n<script type=\"application\/ld+json\" class=\"yoast-schema-graph\">{\"@context\":\"https:\\\/\\\/schema.org\",\"@graph\":[{\"@type\":\"WebPage\",\"@id\":\"https:\\\/\\\/airport-pula.hr\\\/en\\\/business-info\\\/about-us-2\\\/eu-projects\\\/\",\"url\":\"https:\\\/\\\/airport-pula.hr\\\/en\\\/business-info\\\/about-us-2\\\/eu-projects\\\/\",\"name\":\"EU projects - Airport Pula\",\"isPartOf\":{\"@id\":\"https:\\\/\\\/airport-pula.hr\\\/#website\"},\"datePublished\":\"2017-10-13T08:47:39+00:00\",\"breadcrumb\":{\"@id\":\"https:\\\/\\\/airport-pula.hr\\\/en\\\/business-info\\\/about-us-2\\\/eu-projects\\\/#breadcrumb\"},\"inLanguage\":\"en-US\",\"potentialAction\":[{\"@type\":\"ReadAction\",\"target\":[\"https:\\\/\\\/airport-pula.hr\\\/en\\\/business-info\\\/about-us-2\\\/eu-projects\\\/\"]}]},{\"@type\":\"BreadcrumbList\",\"@id\":\"https:\\\/\\\/airport-pula.hr\\\/en\\\/business-info\\\/about-us-2\\\/eu-projects\\\/#breadcrumb\",\"itemListElement\":[{\"@type\":\"ListItem\",\"position\":1,\"name\":\"Home\",\"item\":\"https:\\\/\\\/airport-pula.hr\\\/en\\\/\"},{\"@type\":\"ListItem\",\"position\":2,\"name\":\"Business info\",\"item\":\"https:\\\/\\\/airport-pula.hr\\\/en\\\/business-info\\\/\"},{\"@type\":\"ListItem\",\"position\":3,\"name\":\"About us\",\"item\":\"https:\\\/\\\/airport-pula.hr\\\/en\\\/business-info\\\/about-us-2\\\/\"},{\"@type\":\"ListItem\",\"position\":4,\"name\":\"EU projects\"}]},{\"@type\":\"WebSite\",\"@id\":\"https:\\\/\\\/airport-pula.hr\\\/#website\",\"url\":\"https:\\\/\\\/airport-pula.hr\\\/\",\"name\":\"Airport Pula\",\"description\":\"Zra\u010dna luka Pula Hrvatska\",\"potentialAction\":[{\"@type\":\"SearchAction\",\"target\":{\"@type\":\"EntryPoint\",\"urlTemplate\":\"https:\\\/\\\/airport-pula.hr\\\/?s={search_term_string}\"},\"query-input\":{\"@type\":\"PropertyValueSpecification\",\"valueRequired\":true,\"valueName\":\"search_term_string\"}}],\"inLanguage\":\"en-US\"}]}<\/script>\n<!-- \/ Yoast SEO plugin. -->","yoast_head_json":{"title":"EU projects - Airport Pula","robots":{"index":"index","follow":"follow","max-snippet":"max-snippet:-1","max-image-preview":"max-image-preview:large","max-video-preview":"max-video-preview:-1"},"canonical":"https:\/\/airport-pula.hr\/en\/business-info\/about-us-2\/eu-projects\/","og_locale":"en_US","og_type":"article","og_title":"EU projects - Airport Pula","og_description":"Projekt ADRIAIR &#8211; IPA ADRIATIC CBC 2007 &#8211; 2013 Zavrsno priop\u0107enje za...","og_url":"https:\/\/airport-pula.hr\/en\/business-info\/about-us-2\/eu-projects\/","og_site_name":"Airport Pula","article_publisher":"https:\/\/www.facebook.com\/Pulaairport","twitter_card":"summary_large_image","schema":{"@context":"https:\/\/schema.org","@graph":[{"@type":"WebPage","@id":"https:\/\/airport-pula.hr\/en\/business-info\/about-us-2\/eu-projects\/","url":"https:\/\/airport-pula.hr\/en\/business-info\/about-us-2\/eu-projects\/","name":"EU projects - Airport Pula","isPartOf":{"@id":"https:\/\/airport-pula.hr\/#website"},"datePublished":"2017-10-13T08:47:39+00:00","breadcrumb":{"@id":"https:\/\/airport-pula.hr\/en\/business-info\/about-us-2\/eu-projects\/#breadcrumb"},"inLanguage":"en-US","potentialAction":[{"@type":"ReadAction","target":["https:\/\/airport-pula.hr\/en\/business-info\/about-us-2\/eu-projects\/"]}]},{"@type":"BreadcrumbList","@id":"https:\/\/airport-pula.hr\/en\/business-info\/about-us-2\/eu-projects\/#breadcrumb","itemListElement":[{"@type":"ListItem","position":1,"name":"Home","item":"https:\/\/airport-pula.hr\/en\/"},{"@type":"ListItem","position":2,"name":"Business info","item":"https:\/\/airport-pula.hr\/en\/business-info\/"},{"@type":"ListItem","position":3,"name":"About us","item":"https:\/\/airport-pula.hr\/en\/business-info\/about-us-2\/"},{"@type":"ListItem","position":4,"name":"EU projects"}]},{"@type":"WebSite","@id":"https:\/\/airport-pula.hr\/#website","url":"https:\/\/airport-pula.hr\/","name":"Airport Pula","description":"Zra\u010dna luka Pula Hrvatska","potentialAction":[{"@type":"SearchAction","target":{"@type":"EntryPoint","urlTemplate":"https:\/\/airport-pula.hr\/?s={search_term_string}"},"query-input":{"@type":"PropertyValueSpecification","valueRequired":true,"valueName":"search_term_string"}}],"inLanguage":"en-US"}]}},"_links":{"self":[{"href":"https:\/\/airport-pula.hr\/en\/wp-json\/wp\/v2\/pages\/682","targetHints":{"allow":["GET"]}}],"collection":[{"href":"https:\/\/airport-pula.hr\/en\/wp-json\/wp\/v2\/pages"}],"about":[{"href":"https:\/\/airport-pula.hr\/en\/wp-json\/wp\/v2\/types\/page"}],"author":[{"embeddable":true,"href":"https:\/\/airport-pula.hr\/en\/wp-json\/wp\/v2\/users\/1"}],"replies":[{"embeddable":true,"href":"https:\/\/airport-pula.hr\/en\/wp-json\/wp\/v2\/comments?post=682"}],"version-history":[{"count":1,"href":"https:\/\/airport-pula.hr\/en\/wp-json\/wp\/v2\/pages\/682\/revisions"}],"predecessor-version":[{"id":683,"href":"https:\/\/airport-pula.hr\/en\/wp-json\/wp\/v2\/pages\/682\/revisions\/683"}],"up":[{"embeddable":true,"href":"https:\/\/airport-pula.hr\/en\/wp-json\/wp\/v2\/pages\/674"}],"wp:attachment":[{"href":"https:\/\/airport-pula.hr\/en\/wp-json\/wp\/v2\/media?parent=682"}],"curies":[{"name":"wp","href":"https:\/\/api.w.org\/{rel}","templated":true}]}}